{"id":797,"date":"2021-02-22T14:04:25","date_gmt":"2021-02-22T14:04:25","guid":{"rendered":"https:\/\/www.sponcel.com.pl\/?page_id=797"},"modified":"2021-02-22T14:05:08","modified_gmt":"2021-02-22T14:05:08","slug":"oferta","status":"publish","type":"page","link":"https:\/\/sponcel.com.pl\/en\/oferta\/","title":{"rendered":"OFERTA"},"content":{"rendered":"<p>Drodzy Klienci<\/p>\n<p>Oferujemy\u00a0 bloki g\u0105bek\u00a0 celulozowych poci\u0119tych na warstwy o wymiarach 2 x 100 x 100 cm.<\/p>\n<p>Dost\u0119pne kolory to be\u017cowy, niebieski, zielony, r\u00f3\u017cowy, \u017c\u00f3\u0142ty i bia\u0142y.<\/p>\n<p>Mo\u017cliwy jest zakup pojedynczych warstw jak i ca\u0142ych blok\u00f3w, 1 blok = 18 warstw.<\/p>\n<p>W przypadku zainteresowania ofert\u0105 prosimy o kontakt ze Specjalist\u0105 ds. Administracji i Obs\u0142ugi Klienta pod numerem\u00a0 telefonu 570 499 532, lub pisz\u0105c\u00a0 na adres agrzybowska@sponcel.com<\/p>\n<p>&nbsp;<\/p>","protected":false},"excerpt":{"rendered":"<p>Drodzy Klienci Oferujemy\u00a0 bloki g\u0105bek\u00a0 celulozowych poci\u0119tych na warstwy o wymiarach 2 x 100 x 100 cm. Dost\u0119pne kolory to be\u017cowy, niebieski, zielony, r\u00f3\u017cowy, \u017c\u00f3\u0142ty i bia\u0142y. Mo\u017cliwy jest zakup pojedynczych warstw jak i ca\u0142ych blok\u00f3w, 1 blok = 18 warstw. W przypadku zainteresowania ofert\u0105 prosimy o kontakt ze Specjalist\u0105 ds. Administracji i Obs\u0142ugi Klienta [&hellip;]<\/p>","protected":false},"author":2,"featured_media":0,"parent":0,"menu_order":0,"comment_status":"closed","ping_status":"closed","template":"","meta":{"_et_pb_use_builder":"","_et_pb_old_content":"","_et_gb_content_width":"","footnotes":""},"class_list":["post-797","page","type-page","status-publish","hentry"],"_links":{"self":[{"href":"https:\/\/sponcel.com.pl\/en\/wp-json\/wp\/v2\/pages\/797","targetHints":{"allow":["GET"]}}],"collection":[{"href":"https:\/\/sponcel.com.pl\/en\/wp-json\/wp\/v2\/pages"}],"about":[{"href":"https:\/\/sponcel.com.pl\/en\/wp-json\/wp\/v2\/types\/page"}],"author":[{"embeddable":true,"href":"https:\/\/sponcel.com.pl\/en\/wp-json\/wp\/v2\/users\/2"}],"replies":[{"embeddable":true,"href":"https:\/\/sponcel.com.pl\/en\/wp-json\/wp\/v2\/comments?post=797"}],"version-history":[{"count":2,"href":"https:\/\/sponcel.com.pl\/en\/wp-json\/wp\/v2\/pages\/797\/revisions"}],"predecessor-version":[{"id":799,"href":"https:\/\/sponcel.com.pl\/en\/wp-json\/wp\/v2\/pages\/797\/revisions\/799"}],"wp:attachment":[{"href":"https:\/\/sponcel.com.pl\/en\/wp-json\/wp\/v2\/media?parent=797"}],"curies":[{"name":"wp","href":"https:\/\/api.w.org\/{rel}","templated":true}]}}